{"id":637,"date":"2023-03-17T18:23:20","date_gmt":"2023-03-17T18:23:20","guid":{"rendered":"https:\/\/www.caliplant.com\/politique-en-matiere-de-cookies\/"},"modified":"2023-09-16T02:40:17","modified_gmt":"2023-09-16T02:40:17","slug":"politique-en-matiere-de-cookies","status":"publish","type":"page","link":"https:\/\/www.caliplant.com\/fr\/politique-en-matiere-de-cookies\/","title":{"rendered":"Politique en mati\u00e8re de cookies"},"content":{"rendered":"\t\t<div data-elementor-type=\"wp-page\" data-elementor-id=\"637\" class=\"elementor elementor-637 elementor-385\" data-elementor-post-type=\"page\">\n\t\t\t\t\t\t<section class=\"elementor-section elementor-top-section elementor-element elementor-element-5dee583 elementor-section-boxed elementor-section-height-default elementor-section-height-default\" data-id=\"5dee583\" data-element_type=\"section\">\n\t\t\t\t\t\t<div class=\"elementor-container elementor-column-gap-default\">\n\t\t\t\t\t<div class=\"elementor-column elementor-col-100 elementor-top-column elementor-element elementor-element-4e02ca5b\" data-id=\"4e02ca5b\" data-element_type=\"column\">\n\t\t\t<div class=\"elementor-widget-wrap elementor-element-populated\">\n\t\t\t\t\t\t<div class=\"elementor-element elementor-element-626b04f4 elementor-widget elementor-widget-text-editor\" data-id=\"626b04f4\" data-element_type=\"widget\" data-widget_type=\"text-editor.default\">\n\t\t\t\t<div class=\"elementor-widget-container\">\n\t\t\t\t\t\t\t\t\t\n<h1><strong>POLITIQUE EN MATI\u00c8RE DE COOKIES<\/strong><\/h1>\n\n<p>Bienvenue \u00e0 la <strong>POLITIQUE DE COOKIES<\/strong> du site web de l&rsquo;entit\u00e9 Caliplant Agro SL, dot\u00e9e du NIF \/ CIF B73644213, o\u00f9 nous expliquerons dans un langage clair et simple toutes les questions n\u00e9cessaires pour que vous puissiez les contr\u00f4ler sur la base de vos d\u00e9cisions personnelles.<\/p>\n\n<ul>\n<li><strong>QUE SONT LES COOKIES ET \u00c0 QUOI SERVENT-ILS ?<\/strong><\/li>\n<\/ul>\n\n<p>Un cookie est un petit fichier d&rsquo;information qui est stock\u00e9 sur votre ordinateur, votre smartphone ou votre tablette chaque fois que vous visitez notre site web.<\/p>\n\n<p>En principe, un cookie est inoffensif : il ne contient pas de virus, de chevaux de Troie, de vers, etc. qui pourraient endommager votre terminal, mais il a un certain impact sur votre droit \u00e0 la protection de vos donn\u00e9es personnelles, puisqu&rsquo;il collecte certaines informations vous concernant (habitudes de navigation, identit\u00e9, pr\u00e9f\u00e9rences, etc.).<\/p>\n\n<p>C&rsquo;est pourquoi, sur la base des dispositions de la r\u00e9glementation applicable (LSSI et l\u00e9gislation en vigueur sur la protection des donn\u00e9es personnelles), l&rsquo;activation de certains types de cookies n\u00e9cessitera votre autorisation pr\u00e9alable.<\/p>\n\n<p>D&rsquo;un <strong>geste simple et rapide, en cochant une case<\/strong> dans notre section <strong>CONFIGURATION DES COOKIES<\/strong>, vous pouvez donner votre autorisation pour l&rsquo;activation des cookies que vous souhaitez : prenez <strong>le contr\u00f4le et profitez d&rsquo;une navigation personnalis\u00e9e sur notre site web<\/strong>.<\/p>\n\n<p>Avant de le faire, nous allons vous donner quelques informations suppl\u00e9mentaires qui vous aideront \u00e0 prendre une meilleure d\u00e9cision :<\/p>\n\n<ol type=\"1\">\n<li>Les cookies peuvent \u00eatre de diff\u00e9rents types en fonction de leur finalit\u00e9 :<\/li>\n\n<li>Les cookies techniques sont n\u00e9cessaires au fonctionnement de notre site web, ils ne requi\u00e8rent pas votre permission et sont les seuls que nous avons activ\u00e9s par d\u00e9faut.<\/li>\n\n<li>D&rsquo;autres cookies peuvent \u00eatre utilis\u00e9s pour am\u00e9liorer notre site web, pour le personnaliser en fonction de vos pr\u00e9f\u00e9rences ou pour vous montrer des publicit\u00e9s adapt\u00e9es \u00e0 vos recherches, \u00e0 vos go\u00fbts et \u00e0 vos int\u00e9r\u00eats personnels. Ils sont tous d\u00e9sactiv\u00e9s par d\u00e9faut et leur activation n\u00e9cessite votre autorisation pr\u00e9alable, que vous pouvez obtenir en cochant une case dans notre section <strong>CONFIGURATION DES COOKIES<\/strong>.<\/li>\n\n<li>Certains cookies nous appartiennent (nous les appellerons <strong>nos propres cookies<\/strong>) et d&rsquo;autres appartiennent \u00e0 des soci\u00e9t\u00e9s externes qui fournissent des services pour notre site web (nous les appellerons des <strong>cookies de tiers<\/strong>: un exemple pourrait \u00eatre les cookies de fournisseurs externes tels que Google). \u00c0 cet \u00e9gard, il est important de savoir que certains de ces fournisseurs externes peuvent \u00eatre situ\u00e9s en dehors de l&rsquo;Espagne.<\/li>\n<\/ol>\n\n<p>Globalement, tous les pays n&rsquo;ont pas le m\u00eame niveau de protection des donn\u00e9es, certains \u00e9tant plus s\u00fbrs que d&rsquo;autres (par exemple, l&rsquo;Union europ\u00e9enne est un environnement s\u00fbr pour vos donn\u00e9es). Notre politique consiste \u00e0 faire appel \u00e0 des fournisseurs fiables qui, qu&rsquo;ils soient ou non situ\u00e9s dans l&rsquo;Union europ\u00e9enne, ont adopt\u00e9 des mesures de sauvegarde appropri\u00e9es pour la protection de vos informations personnelles. Toutefois, dans la section intitul\u00e9e  <strong>QUELS SONT LES TYPES DE COOKIES ACTUELLEMENT UTILIS\u00c9S SUR NOTRE SITE WEB ?<\/strong>Si vous souhaitez d\u00e9cider en connaissance de cause d&rsquo;activer ou non les politiques de protection des donn\u00e9es et de la vie priv\u00e9e de chacun de ces fournisseurs externes, vous pouvez consulter les diff\u00e9rentes politiques de protection des donn\u00e9es et de la vie priv\u00e9e de chacun de ces fournisseurs externes afin de d\u00e9cider en connaissance de cause d&rsquo;activer ou non les politiques de protection des donn\u00e9es et de la vie priv\u00e9e.  <strong>les cookies de tiers<\/strong>  en utilisant notre site web.  <\/p>\n\n<ul>\n<li>Enfin, nous tenons \u00e0 souligner que, selon la dur\u00e9e pendant laquelle ils restent actifs, les cookies peuvent \u00eatre de deux types :<\/li>\n\n<li><strong>Cookies de session :<\/strong> ils expirent automatiquement lorsque vous vous d\u00e9connectez de votre ordinateur, smartphone ou tablette. Elles sont g\u00e9n\u00e9ralement utilis\u00e9es pour conserver les informations n\u00e9cessaires pendant qu&rsquo;un service vous est fourni sur une base ponctuelle.<\/li>\n\n<li>Les <strong>cookies persistants : ils <\/strong>restent stock\u00e9s sur votre ordinateur, smartphone ou tablette pendant une certaine p\u00e9riode, qui peut varier de quelques minutes \u00e0 plusieurs ann\u00e9es.<\/li>\n\n<li><strong>QUELS TYPES DE COOKIES POUVONS-NOUS UTILISER SUR NOTRE SITE WEB ?<\/strong><\/li>\n\n<li><strong>Cookies techniques :<\/strong><\/li>\n<\/ul>\n\n<p>Les cookies techniques sont strictement n\u00e9cessaires au fonctionnement de notre site web et \u00e0 votre navigation. Ce type de cookies est celui qui, par exemple, nous permet de vous identifier, de vous donner acc\u00e8s \u00e0 certaines parties restreintes du site si n\u00e9cessaire, ou de m\u00e9moriser diff\u00e9rentes options ou services d\u00e9j\u00e0 s\u00e9lectionn\u00e9s par vous, tels que vos pr\u00e9f\u00e9rences en mati\u00e8re de confidentialit\u00e9. Ils <strong>sont<\/strong> donc <strong>activ\u00e9s par d\u00e9faut et il n&rsquo;est pas n\u00e9cessaire de les autoriser<\/strong>.<\/p>\n\n<p>Gr\u00e2ce aux param\u00e8tres de votre navigateur, vous pouvez bloquer ou vous alerter de la pr\u00e9sence de ce type de cookies, bien qu&rsquo;un tel blocage affecte le bon fonctionnement des diff\u00e9rentes fonctionnalit\u00e9s de notre site web.<\/p>\n\n<ul>\n<li><strong>Cookies d&rsquo;analyse :<\/strong><\/li>\n<\/ul>\n\n<p>Les cookies analytiques nous permettent d&rsquo;\u00e9tudier la navigation des utilisateurs sur notre site web en g\u00e9n\u00e9ral (par exemple, quelles sections du site web sont les plus visit\u00e9es, quels services sont les plus utilis\u00e9s et s&rsquo;ils fonctionnent correctement, etc.)<\/p>\n\n<p>Sur la base d&rsquo;informations statistiques concernant la navigation sur notre site web, nous pouvons am\u00e9liorer \u00e0 la fois le fonctionnement du site lui-m\u00eame et les diff\u00e9rents services qu&rsquo;il offre. Ces cookies <strong>n&rsquo;<\/strong>ont donc <strong>pas de finalit\u00e9 publicitaire<\/strong>, mais servent uniquement \u00e0 am\u00e9liorer le fonctionnement de notre site web, en l&rsquo;adaptant \u00e0 nos utilisateurs en g\u00e9n\u00e9ral. En les activant, vous contribuerez \u00e0 cette am\u00e9lioration continue.<\/p>\n\n<p><strong>Vous pouvez activer ou d\u00e9sactiver ces cookies en cochant la case correspondante<\/strong>; ils sont d\u00e9sactiv\u00e9s par d\u00e9faut.<\/p>\n\n<ul>\n<li><strong>Cookies de fonctionnalit\u00e9 et de personnalisation :<\/strong><\/li>\n<\/ul>\n\n<p>Les cookies de fonctionnalit\u00e9 nous permettent de m\u00e9moriser vos pr\u00e9f\u00e9rences, de personnaliser certaines fonctionnalit\u00e9s et options g\u00e9n\u00e9rales de notre site web \u00e0 chaque fois que vous y acc\u00e9dez (par exemple, la langue dans laquelle les informations vous sont pr\u00e9sent\u00e9es, les sections marqu\u00e9es comme favorites, votre type de navigateur, etc.)<\/p>\n\n<p>Ce type de cookie <strong>n&rsquo;<\/strong>a donc <strong>pas d&rsquo;objectif publicitaire<\/strong>.En les activant, vous am\u00e9liorerez la fonctionnalit\u00e9 du site web (par exemple, en l&rsquo;adaptant \u00e0 votre type de navigateur) et la personnalisation du site web en fonction de vos pr\u00e9f\u00e9rences (par exemple, en pr\u00e9sentant les informations dans la langue que vous avez choisie par le pass\u00e9), ce qui contribuera \u00e0 la facilit\u00e9, \u00e0 la convivialit\u00e9 et au confort de notre site web lors de votre navigation.<\/p>\n\n<p><strong>Vous pouvez activer ou d\u00e9sactiver ces cookies en cochant la case correspondante<\/strong>; ils sont d\u00e9sactiv\u00e9s par d\u00e9faut.<\/p>\n\n<ul>\n<li><strong>Cookies publicitaires :<\/strong><\/li>\n<\/ul>\n\n<p>Les cookies publicitaires nous permettent de g\u00e9rer les espaces publicitaires pr\u00e9sents sur notre site web en fonction de crit\u00e8res tels que le contenu affich\u00e9 ou la fr\u00e9quence d&rsquo;affichage des publicit\u00e9s.<\/p>\n\n<p>Par exemple, si la m\u00eame publicit\u00e9 vous a \u00e9t\u00e9 pr\u00e9sent\u00e9e plusieurs fois sur notre site web et que vous n&rsquo;avez pas manifest\u00e9 d&rsquo;int\u00e9r\u00eat personnel en cliquant dessus, elle n&rsquo;appara\u00eetra plus. En r\u00e9sum\u00e9, en activant ce type de cookies, la publicit\u00e9 affich\u00e9e sur notre site web sera plus utile et diversifi\u00e9e, et moins r\u00e9p\u00e9titive.<\/p>\n\n<p><strong>Vous pouvez activer ou d\u00e9sactiver ces cookies en cochant la case correspondante<\/strong>; ils sont d\u00e9sactiv\u00e9s par d\u00e9faut.<\/p>\n\n<ul>\n<li><strong>Cookies de publicit\u00e9 comportementale :<\/strong><\/li>\n<\/ul>\n\n<p>Les cookies de publicit\u00e9 comportementale nous permettent d&rsquo;obtenir des informations bas\u00e9es sur l&rsquo;observation de vos habitudes de navigation et de votre comportement sur le site web, afin de pouvoir vous pr\u00e9senter un contenu publicitaire mieux adapt\u00e9 \u00e0 vos go\u00fbts et int\u00e9r\u00eats personnels.<\/p>\n\n<p>Pour mieux comprendre, nous allons vous donner un exemple fictif : si vos derni\u00e8res recherches sur le web \u00e9taient li\u00e9es \u00e0 la litt\u00e9rature \u00e0 suspense, nous vous montrerions des publicit\u00e9s sur les livres \u00e0 suspense.<\/p>\n\n<p>Par cons\u00e9quent, en activant ce type de cookie, la publicit\u00e9 que nous vous montrons sur notre site web ne sera pas g\u00e9n\u00e9rique, mais sera cibl\u00e9e en fonction de vos recherches, de vos go\u00fbts et de vos int\u00e9r\u00eats, et sera donc exclusivement adapt\u00e9e \u00e0 vous.<\/p>\n\n<p><strong>Vous pouvez activer ou d\u00e9sactiver ces cookies en cochant la case correspondante<\/strong>; ils sont d\u00e9sactiv\u00e9s par d\u00e9faut.<\/p>\n\n<ul>\n<li><strong>QUELS SONT LES TYPES DE COOKIES ACTUELLEMENT UTILIS\u00c9S SUR NOTRE SITE WEB ?<\/strong><\/li>\n<\/ul>\n\n<p>Nous allons maintenant vous informer sur tous les types de cookies actuellement utilis\u00e9s sur notre site web et sur la finalit\u00e9 de chacun d&rsquo;entre eux :<\/p>\n\n<figure class=\"wp-block-table\">\n<table>\n<tbody>\n<tr>\n<td><strong>Type de cookie<\/strong><\/td>\n<td><strong>Objectif<\/strong><\/td>\n<td><strong>Entit\u00e9 responsable et lien vers sa politique de confidentialit\u00e9 et de protection des donn\u00e9es<\/strong><\/td>\n<td><strong>Dur\u00e9e (session \/ persistante)<\/strong><\/td>\n<\/tr>\n<tr>\n<td><strong> <\/strong><\/td>\n<td><strong> <\/strong><\/td>\n<td><strong> <\/strong><\/td>\n<td><strong> <\/strong><\/td>\n<\/tr>\n<tr>\n<td><strong> <\/strong><\/td>\n<td><strong> <\/strong><\/td>\n<td><strong> <\/strong><\/td>\n<td><strong> <\/strong><\/td>\n<\/tr>\n<tr>\n<td><strong> <\/strong><\/td>\n<td><strong> <\/strong><\/td>\n<td><strong> <\/strong><\/td>\n<td><strong> <\/strong><\/td>\n<\/tr>\n<tr>\n<td><strong> <\/strong><\/td>\n<td><strong> <\/strong><\/td>\n<td><strong> <\/strong><\/td>\n<td><strong> <\/strong><\/td>\n<\/tr>\n<tr>\n<td><strong> <\/strong><\/td>\n<td><strong> <\/strong><\/td>\n<td><strong> <\/strong><\/td>\n<td><strong> <\/strong><\/td>\n<\/tr>\n<tr>\n<td><strong> <\/strong><\/td>\n<td><strong> <\/strong><\/td>\n<td><strong> <\/strong><\/td>\n<td><strong> <\/strong><\/td>\n<\/tr>\n<tr>\n<td><strong> <\/strong><\/td>\n<td><strong> <\/strong><\/td>\n<td><strong> <\/strong><\/td>\n<td><strong> <\/strong><\/td>\n<\/tr>\n<tr>\n<td><strong> <\/strong><\/td>\n<td><strong> <\/strong><\/td>\n<td><strong> <\/strong><\/td>\n<td><strong> <\/strong><\/td>\n<\/tr>\n<tr>\n<td><strong> <\/strong><\/td>\n<td><strong> <\/strong><\/td>\n<td><strong> <\/strong><\/td>\n<td><strong> <\/strong><\/td>\n<\/tr>\n<tr>\n<td><strong> <\/strong><\/td>\n<td><strong> <\/strong><\/td>\n<td><strong> <\/strong><\/td>\n<td><strong> <\/strong><\/td>\n<\/tr>\n<\/tbody>\n<\/table>\n<\/figure>\n\n<ul>\n<li><strong>QUE PEUT-ON FAIRE AVEC DES BISCUITS ?<\/strong><\/li>\n<\/ul>\n\n<p>Lorsque vous acc\u00e9dez \u00e0 notre site web pour la premi\u00e8re fois, vous voyez appara\u00eetre une fen\u00eatre dans laquelle nous vous informons que les cookies peuvent \u00eatre de diff\u00e9rents types :<\/p>\n\n<ul>\n<li>Les cookies techniques sont n\u00e9cessaires au fonctionnement de notre site web, ils ne requi\u00e8rent pas votre permission et sont les seuls que nous avons activ\u00e9s par d\u00e9faut. Ce sont donc les seuls cookies qui seront actifs si vous cliquez sur le bouton <strong>ACCEPTER<\/strong>.<\/li>\n\n<li>Les autres cookies sont utilis\u00e9s pour am\u00e9liorer notre site web, le personnaliser en fonction de vos pr\u00e9f\u00e9rences, ou pour pouvoir vous montrer des publicit\u00e9s adapt\u00e9es \u00e0 vos recherches, \u00e0 vos go\u00fbts et \u00e0 vos int\u00e9r\u00eats personnels. Tous sont d\u00e9sactiv\u00e9s par d\u00e9faut, mais vous pouvez les activer dans notre section <strong>CONFIGURATION DES COOKIES<\/strong>: <strong>prenez le contr\u00f4le et profitez d&rsquo;une navigation personnalis\u00e9e sur notre site, d&rsquo;un geste aussi simple et rapide que de cocher les cases de votre choix<\/strong>.<\/li>\n<\/ul>\n\n<p>Nous vous informons \u00e9galement qu&rsquo;une fois que vous avez activ\u00e9 l&rsquo;un ou l&rsquo;autre type de cookies, vous pouvez les d\u00e9sactiver \u00e0 tout moment en d\u00e9cochant la case correspondante dans la section <strong>CONFIGURATION DES COOKIE de <\/strong>notre site web. Il vous sera toujours aussi facile d&rsquo;activer nos propres cookies que de les d\u00e9sactiver.<\/p>\n\n<p>Nous vous rappelons \u00e9galement que, par le biais des param\u00e8tres de votre navigateur, vous pouvez bloquer les cookies ou vous alerter de leur pr\u00e9sence, bien que ce blocage puisse affecter le bon fonctionnement des diff\u00e9rentes fonctionnalit\u00e9s de notre site web dans le cas des cookies techniques n\u00e9cessaires.<\/p>\n\n<p>Enfin, si vous activez des <strong>cookies de tiers<\/strong> (soci\u00e9t\u00e9s externes qui fournissent des services pour notre site web) et que vous souhaitez ensuite les d\u00e9sactiver, vous pouvez le faire de deux mani\u00e8res : en utilisant les outils de d\u00e9sactivation des cookies de votre navigateur ou par le biais des syst\u00e8mes mis en place par ces fournisseurs externes.<\/p>\n\n<p>Pour vous faciliter la t\u00e2che, voici une s\u00e9rie de liens vers les lignes directrices relatives \u00e0 la d\u00e9sactivation des cookies dans les navigateurs les plus courants :<\/p>\n\n<ul>\n<li><a href=\"https:\/\/support.google.com\/accounts\/answer\/61416?co=GENIE.Platform%3DDesktop&amp;hl=es\">Google Chrome<\/a>.<\/li>\n\n<li><a href=\"https:\/\/support.mozilla.org\/es\/kb\/Borrar%20cookies\">Mozilla Firefox<\/a>.<\/li>\n\n<li><a href=\"https:\/\/support.microsoft.com\/es-es\/help\/278835\/how-to-delete-cookie-files-in-internet-explorer\">Internet Explorer<\/a>.<\/li>\n\n<li><a href=\"https:\/\/support.apple.com\/es-es\/guide\/safari\/sfri11471\/mac\">Safari<\/a>.<\/li>\n\n<li><a href=\"https:\/\/support.apple.com\/es-es\/HT201265\">Safari pour iOS (iPhone et iPad)<\/a>.<\/li>\n\n<li><a href=\"https:\/\/support.google.com\/accounts\/answer\/61416?co=GENIE.Platform%3DAndroid&amp;hl=es&amp;oco=1\">Google Chrome pour Android<\/a>.  <\/li>\n\n<li><a href=\"https:\/\/support.google.com\/accounts\/answer\/61416?co=GENIE.Platform%3DiOS&amp;hl=es&amp;oco=1\">Google Chrome pour Iphone et Ipad<\/a>.<\/li>\n<\/ul>\n\t\t\t\t\t\t\t\t<\/div>\n\t\t\t\t<\/div>\n\t\t\t\t\t<\/div>\n\t\t<\/div>\n\t\t\t\t\t<\/div>\n\t\t<\/section>\n\t\t\t\t<\/div>\n\t\t","protected":false},"excerpt":{"rendered":"<p>POLITIQUE EN MATI\u00c8RE DE COOKIES Bienvenue \u00e0 la POLITIQUE DE COOKIES du site web de l&rsquo;entit\u00e9 Caliplant Agro SL, dot\u00e9e du NIF \/ CIF B73644213, o\u00f9 nous expliquerons dans un langage clair et simple toutes les questions n\u00e9cessaires pour que vous puissiez les contr\u00f4ler sur la base de vos d\u00e9cisions personnelles. QUE SONT LES COOKIES [&hellip;]<\/p>\n","protected":false},"author":1,"featured_media":0,"parent":0,"menu_order":0,"comment_status":"closed","ping_status":"closed","template":"","meta":{"footnotes":""},"class_list":["post-637","page","type-page","status-publish","hentry"],"_links":{"self":[{"href":"https:\/\/www.caliplant.com\/fr\/wp-json\/wp\/v2\/pages\/637","targetHints":{"allow":["GET"]}}],"collection":[{"href":"https:\/\/www.caliplant.com\/fr\/wp-json\/wp\/v2\/pages"}],"about":[{"href":"https:\/\/www.caliplant.com\/fr\/wp-json\/wp\/v2\/types\/page"}],"author":[{"embeddable":true,"href":"https:\/\/www.caliplant.com\/fr\/wp-json\/wp\/v2\/users\/1"}],"replies":[{"embeddable":true,"href":"https:\/\/www.caliplant.com\/fr\/wp-json\/wp\/v2\/comments?post=637"}],"version-history":[{"count":7,"href":"https:\/\/www.caliplant.com\/fr\/wp-json\/wp\/v2\/pages\/637\/revisions"}],"predecessor-version":[{"id":644,"href":"https:\/\/www.caliplant.com\/fr\/wp-json\/wp\/v2\/pages\/637\/revisions\/644"}],"wp:attachment":[{"href":"https:\/\/www.caliplant.com\/fr\/wp-json\/wp\/v2\/media?parent=637"}],"curies":[{"name":"wp","href":"https:\/\/api.w.org\/{rel}","templated":true}]}}